{"id":2,"date":"2025-07-07T17:16:57","date_gmt":"2025-07-07T17:16:57","guid":{"rendered":"https:\/\/www.pangpangclinic.co\/?page_id=2"},"modified":"2025-07-07T17:16:57","modified_gmt":"2025-07-07T17:16:57","slug":"sample-page","status":"publish","type":"page","link":"https:\/\/www.pangpangclinic.co\/de\/sample-page\/","title":{"rendered":"Sample Page"},"content":{"rendered":"<p>Dies ist eine Beispielseite. Sie unterscheidet sich von einem Blogbeitrag, weil sie dauerhaft an einem Ort bleibt und (in den meisten Themes) in der Navigation deiner Website angezeigt wird. Die meisten fangen mit einer \u201e\u00dcber mich\u201c-Seite an, die sie potenziellen Besuchern vorstellt. Dort k\u00f6nnte zum Beispiel so etwas stehen:<\/p>\n\n\n\n<blockquote class=\"wp-block-quote is-layout-flow wp-block-quote-is-layout-flow\"><p>Hallo! Tags\u00fcber bin ich Fahrradkurier, nachts angehender Schauspieler \u2013 und das ist meine Website. Ich lebe in Los Angeles, habe einen gro\u00dfartigen Hund namens Jack und ich mag Pi\u00f1a Coladas. (Und im Regen erwischt zu werden.)<\/p><\/blockquote>\n\n\n\n<p>\u2026oder so \u00e4hnlich:<\/p>\n\n\n\n<blockquote class=\"wp-block-quote is-layout-flow wp-block-quote-is-layout-flow\"><p>Die XYZ Doohickey Company wurde 1971 gegr\u00fcndet und versorgt die \u00d6ffentlichkeit seitdem mit hochwertigen Doohickeys. Mit Sitz in Gotham City besch\u00e4ftigt XYZ \u00fcber 2.000 Mitarbeiter und engagiert sich auf vielf\u00e4ltige Weise f\u00fcr die Gotham-Community.<\/p><\/blockquote>\n\n\n\n<p>Als neuer WordPress-Benutzer solltest du zu <a href=\"https:\/\/www.pangpangclinic.co\/wp-admin\/\">deinem Dashboard<\/a> gehen, um diese Seite zu l\u00f6schen und neue Seiten f\u00fcr deine Inhalte zu erstellen. Viel Spa\u00df!<\/p>","protected":false},"excerpt":{"rendered":"<p>This is an example page. It&#8217;s different from a blog post because it will stay in one place and will show up in your site navigation (in most themes). Most people start with an About page that introduces them to potential site visitors. It might say something like this: Hi there! I&#8217;m a bike messenger&#8230;<\/p>","protected":false},"author":1,"featured_media":0,"parent":0,"menu_order":0,"comment_status":"closed","ping_status":"open","template":"","meta":{"_seopress_robots_primary_cat":"","_seopress_titles_title":"","_seopress_titles_desc":"","_seopress_robots_index":"","_kad_blocks_custom_css":"","_kad_blocks_head_custom_js":"","_kad_blocks_body_custom_js":"","_kad_blocks_footer_custom_js":"","_kad_post_transparent":"","_kad_post_title":"","_kad_post_layout":"","_kad_post_sidebar_id":"","_kad_post_content_style":"","_kad_post_vertical_padding":"","_kad_post_feature":"","_kad_post_feature_position":"","_kad_post_header":false,"_kad_post_footer":false,"_kad_post_classname":"","footnotes":""},"class_list":["post-2","page","type-page","status-publish","hentry"],"pdf_meta":{},"taxonomy_info":[],"featured_image_src_large":false,"author_info":{"display_name":"admin_posjf3238","author_link":"https:\/\/www.pangpangclinic.co\/de\/blog\/author\/admin_posjf3238\/"},"comment_info":0,"_links":{"self":[{"href":"https:\/\/www.pangpangclinic.co\/de\/wp-json\/wp\/v2\/pages\/2","targetHints":{"allow":["GET"]}}],"collection":[{"href":"https:\/\/www.pangpangclinic.co\/de\/wp-json\/wp\/v2\/pages"}],"about":[{"href":"https:\/\/www.pangpangclinic.co\/de\/wp-json\/wp\/v2\/types\/page"}],"author":[{"embeddable":true,"href":"https:\/\/www.pangpangclinic.co\/de\/wp-json\/wp\/v2\/users\/1"}],"replies":[{"embeddable":true,"href":"https:\/\/www.pangpangclinic.co\/de\/wp-json\/wp\/v2\/comments?post=2"}],"version-history":[{"count":0,"href":"https:\/\/www.pangpangclinic.co\/de\/wp-json\/wp\/v2\/pages\/2\/revisions"}],"wp:attachment":[{"href":"https:\/\/www.pangpangclinic.co\/de\/wp-json\/wp\/v2\/media?parent=2"}],"curies":[{"name":"wp","href":"https:\/\/api.w.org\/{rel}","templated":true}]}}